{"id":1237,"date":"2024-09-20T16:48:33","date_gmt":"2024-09-20T14:48:33","guid":{"rendered":"https:\/\/forumandawards.link2fleet.be\/?page_id=1237"},"modified":"2025-10-17T15:08:33","modified_gmt":"2025-10-17T13:08:33","slug":"fleet-mobility-owner-of-the-year","status":"publish","type":"page","link":"https:\/\/forumandawards.link2fleet.com\/fr\/fleet-mobility-owner-of-the-year\/","title":{"rendered":"Fleet &#038; Mobility Owner of the Year"},"content":{"rendered":"","protected":false},"excerpt":{"rendered":"","protected":false},"author":2,"featured_media":0,"parent":0,"menu_order":0,"comment_status":"closed","ping_status":"closed","template":"","meta":{"_acf_changed":false,"footnotes":""},"class_list":["post-1237","page","type-page","status-publish","hentry"],"acf":[],"yoast_head":"<!-- This site is optimized with the Yoast SEO plugin v26.1.1 - https:\/\/yoast.com\/wordpress\/plugins\/seo\/ -->\n<title>Fleet &amp; Mobility Owner of the Year - link2fleet forum &amp; awards<\/title>\n<meta name=\"robots\" content=\"index, follow, max-snippet:-1, max-image-preview:large, max-video-preview:-1\" \/>\n<link rel=\"canonical\" href=\"https:\/\/forumandawards.link2fleet.com\/fr\/fleet-mobility-owner-of-the-year\/\" \/>\n<meta property=\"og:locale\" content=\"fr_FR\" \/>\n<meta property=\"og:type\" content=\"article\" \/>\n<meta property=\"og:title\" content=\"Fleet &amp; Mobility Owner of the Year - link2fleet forum &amp; awards\" \/>\n<meta property=\"og:url\" content=\"https:\/\/forumandawards.link2fleet.com\/fr\/fleet-mobility-owner-of-the-year\/\" \/>\n<meta property=\"og:site_name\" content=\"link2fleet forum &amp; awards\" \/>\n<meta property=\"article:modified_time\" content=\"2025-10-17T13:08:33+00:00\" \/>\n<meta name=\"twitter:card\" content=\"summary_large_image\" \/>\n<script type=\"application\/ld+json\" class=\"yoast-schema-graph\">{\"@context\":\"https:\/\/schema.org\",\"@graph\":[{\"@type\":\"WebPage\",\"@id\":\"https:\/\/forumandawards.link2fleet.com\/fr\/fleet-mobility-owner-of-the-year\/\",\"url\":\"https:\/\/forumandawards.link2fleet.com\/fr\/fleet-mobility-owner-of-the-year\/\",\"name\":\"Fleet & Mobility Owner of the Year - link2fleet forum &amp; awards\",\"isPartOf\":{\"@id\":\"https:\/\/forumandawards.link2fleet.com\/#website\"},\"datePublished\":\"2024-09-20T14:48:33+00:00\",\"dateModified\":\"2025-10-17T13:08:33+00:00\",\"breadcrumb\":{\"@id\":\"https:\/\/forumandawards.link2fleet.com\/fr\/fleet-mobility-owner-of-the-year\/#breadcrumb\"},\"inLanguage\":\"fr-FR\",\"potentialAction\":[{\"@type\":\"ReadAction\",\"target\":[\"https:\/\/forumandawards.link2fleet.com\/fr\/fleet-mobility-owner-of-the-year\/\"]}]},{\"@type\":\"BreadcrumbList\",\"@id\":\"https:\/\/forumandawards.link2fleet.com\/fr\/fleet-mobility-owner-of-the-year\/#breadcrumb\",\"itemListElement\":[{\"@type\":\"ListItem\",\"position\":1,\"name\":\"Home\",\"item\":\"https:\/\/forumandawards.link2fleet.com\/fr\/\"},{\"@type\":\"ListItem\",\"position\":2,\"name\":\"Fleet &#038; Mobility Owner of the Year\"}]},{\"@type\":\"WebSite\",\"@id\":\"https:\/\/forumandawards.link2fleet.com\/#website\",\"url\":\"https:\/\/forumandawards.link2fleet.com\/\",\"name\":\"link2fleet forum &amp; awards\",\"description\":\"Un rassemblement r\u00e9serv\u00e9 \u00e0 tous les acteurs des secteurs de l\u2019automobile, des flottes et de la mobilit\u00e9.\",\"publisher\":{\"@id\":\"https:\/\/forumandawards.link2fleet.com\/#organization\"},\"potentialAction\":[{\"@type\":\"SearchAction\",\"target\":{\"@type\":\"EntryPoint\",\"urlTemplate\":\"https:\/\/forumandawards.link2fleet.com\/?s={search_term_string}\"},\"query-input\":{\"@type\":\"PropertyValueSpecification\",\"valueRequired\":true,\"valueName\":\"search_term_string\"}}],\"inLanguage\":\"fr-FR\"},{\"@type\":\"Organization\",\"@id\":\"https:\/\/forumandawards.link2fleet.com\/#organization\",\"name\":\"link2fleet forum &amp; awards\",\"url\":\"https:\/\/forumandawards.link2fleet.com\/\",\"logo\":{\"@type\":\"ImageObject\",\"inLanguage\":\"fr-FR\",\"@id\":\"https:\/\/forumandawards.link2fleet.com\/#\/schema\/logo\/image\/\",\"url\":\"\",\"contentUrl\":\"\",\"caption\":\"link2fleet forum &amp; awards\"},\"image\":{\"@id\":\"https:\/\/forumandawards.link2fleet.com\/#\/schema\/logo\/image\/\"}}]}<\/script>\n<!-- \/ Yoast SEO plugin. -->","yoast_head_json":{"title":"Fleet & Mobility Owner of the Year - link2fleet forum &amp; awards","robots":{"index":"index","follow":"follow","max-snippet":"max-snippet:-1","max-image-preview":"max-image-preview:large","max-video-preview":"max-video-preview:-1"},"canonical":"https:\/\/forumandawards.link2fleet.com\/fr\/fleet-mobility-owner-of-the-year\/","og_locale":"fr_FR","og_type":"article","og_title":"Fleet & Mobility Owner of the Year - link2fleet forum &amp; awards","og_url":"https:\/\/forumandawards.link2fleet.com\/fr\/fleet-mobility-owner-of-the-year\/","og_site_name":"link2fleet forum &amp; awards","article_modified_time":"2025-10-17T13:08:33+00:00","twitter_card":"summary_large_image","schema":{"@context":"https:\/\/schema.org","@graph":[{"@type":"WebPage","@id":"https:\/\/forumandawards.link2fleet.com\/fr\/fleet-mobility-owner-of-the-year\/","url":"https:\/\/forumandawards.link2fleet.com\/fr\/fleet-mobility-owner-of-the-year\/","name":"Fleet & Mobility Owner of the Year - link2fleet forum &amp; awards","isPartOf":{"@id":"https:\/\/forumandawards.link2fleet.com\/#website"},"datePublished":"2024-09-20T14:48:33+00:00","dateModified":"2025-10-17T13:08:33+00:00","breadcrumb":{"@id":"https:\/\/forumandawards.link2fleet.com\/fr\/fleet-mobility-owner-of-the-year\/#breadcrumb"},"inLanguage":"fr-FR","potentialAction":[{"@type":"ReadAction","target":["https:\/\/forumandawards.link2fleet.com\/fr\/fleet-mobility-owner-of-the-year\/"]}]},{"@type":"BreadcrumbList","@id":"https:\/\/forumandawards.link2fleet.com\/fr\/fleet-mobility-owner-of-the-year\/#breadcrumb","itemListElement":[{"@type":"ListItem","position":1,"name":"Home","item":"https:\/\/forumandawards.link2fleet.com\/fr\/"},{"@type":"ListItem","position":2,"name":"Fleet &#038; Mobility Owner of the Year"}]},{"@type":"WebSite","@id":"https:\/\/forumandawards.link2fleet.com\/#website","url":"https:\/\/forumandawards.link2fleet.com\/","name":"link2fleet forum &amp; awards","description":"Un rassemblement r\u00e9serv\u00e9 \u00e0 tous les acteurs des secteurs de l\u2019automobile, des flottes et de la mobilit\u00e9.","publisher":{"@id":"https:\/\/forumandawards.link2fleet.com\/#organization"},"potentialAction":[{"@type":"SearchAction","target":{"@type":"EntryPoint","urlTemplate":"https:\/\/forumandawards.link2fleet.com\/?s={search_term_string}"},"query-input":{"@type":"PropertyValueSpecification","valueRequired":true,"valueName":"search_term_string"}}],"inLanguage":"fr-FR"},{"@type":"Organization","@id":"https:\/\/forumandawards.link2fleet.com\/#organization","name":"link2fleet forum &amp; awards","url":"https:\/\/forumandawards.link2fleet.com\/","logo":{"@type":"ImageObject","inLanguage":"fr-FR","@id":"https:\/\/forumandawards.link2fleet.com\/#\/schema\/logo\/image\/","url":"","contentUrl":"","caption":"link2fleet forum &amp; awards"},"image":{"@id":"https:\/\/forumandawards.link2fleet.com\/#\/schema\/logo\/image\/"}}]}},"_links":{"self":[{"href":"https:\/\/forumandawards.link2fleet.com\/fr\/wp-json\/wp\/v2\/pages\/1237","targetHints":{"allow":["GET"]}}],"collection":[{"href":"https:\/\/forumandawards.link2fleet.com\/fr\/wp-json\/wp\/v2\/pages"}],"about":[{"href":"https:\/\/forumandawards.link2fleet.com\/fr\/wp-json\/wp\/v2\/types\/page"}],"author":[{"embeddable":true,"href":"https:\/\/forumandawards.link2fleet.com\/fr\/wp-json\/wp\/v2\/users\/2"}],"replies":[{"embeddable":true,"href":"https:\/\/forumandawards.link2fleet.com\/fr\/wp-json\/wp\/v2\/comments?post=1237"}],"version-history":[{"count":19,"href":"https:\/\/forumandawards.link2fleet.com\/fr\/wp-json\/wp\/v2\/pages\/1237\/revisions"}],"predecessor-version":[{"id":3429,"href":"https:\/\/forumandawards.link2fleet.com\/fr\/wp-json\/wp\/v2\/pages\/1237\/revisions\/3429"}],"wp:attachment":[{"href":"https:\/\/forumandawards.link2fleet.com\/fr\/wp-json\/wp\/v2\/media?parent=1237"}],"curies":[{"name":"wp","href":"https:\/\/api.w.org\/{rel}","templated":true}]}}